{"id":13505,"date":"2023-07-18T20:55:22","date_gmt":"2023-07-18T20:55:22","guid":{"rendered":"https:\/\/business.reobiztheme.com\/?page_id=13505"},"modified":"2025-08-20T19:52:58","modified_gmt":"2025-08-20T16:52:58","slug":"projects","status":"publish","type":"page","link":"https:\/\/nxt-marketing.be\/nl\/projects\/","title":{"rendered":"Projecten"},"content":{"rendered":"<div data-elementor-type=\"wp-page\" data-elementor-id=\"13505\" class=\"elementor elementor-13505\" data-elementor-post-type=\"page\">\n\t\t\t\t<div class=\"elementor-element elementor-element-66b37fd5 e-con-full e-flex e-con e-parent\" data-id=\"66b37fd5\" data-element_type=\"container\" data-settings=\"{&quot;background_background&quot;:&quot;classic&quot;}\">\n\t\t<div class=\"elementor-element elementor-element-4e02108c e-con-full e-flex e-con e-child\" data-id=\"4e02108c\" data-element_type=\"container\">\n\t\t\t\t<div class=\"elementor-element elementor-element-31f62ce9 elementor-widget__width-initial elementor-widget elementor-widget-heading\" data-id=\"31f62ce9\" data-element_type=\"widget\" data-widget_type=\"heading.default\">\n\t\t\t\t\t<h4 class=\"elementor-heading-title elementor-size-default\">Next Marketing<\/h4>\t\t\t\t<\/div>\n\t\t\t\t<div class=\"elementor-element elementor-element-fc7e5e4 elementor-widget elementor-widget-text-editor\" data-id=\"fc7e5e4\" data-element_type=\"widget\" data-widget_type=\"text-editor.default\">\n\t\t\t\t\t\t\t\t\t<p>Bij Next Marketing bieden wij callcenters en medewerkers toegang tot een breed scala aan actuele projecten in verschillende sectoren. Wij zorgen ervoor dat iedereen de <strong>beste voorwaarden<\/strong> en meest geschikte projecten krijgt.<\/p>\t\t\t\t\t\t\t\t<\/div>\n\t\t\t\t<\/div>\n\t\t<div class=\"elementor-element elementor-element-2436ec04 e-con-full e-flex e-con e-child\" data-id=\"2436ec04\" data-element_type=\"container\">\n\t\t\t\t<div class=\"elementor-element elementor-element-ec8b278 elementor-widget elementor-widget-image\" data-id=\"ec8b278\" data-element_type=\"widget\" data-widget_type=\"image.default\">\n\t\t\t\t\t\t\t\t\t\t\t\t\t\t\t<img fetchpriority=\"high\" decoding=\"async\" width=\"560\" height=\"590\" src=\"https:\/\/nxt-marketing.be\/wp-content\/uploads\/2020\/10\/law_3.jpg\" class=\"attachment-large size-large wp-image-9775\" alt=\"\" srcset=\"https:\/\/nxt-marketing.be\/wp-content\/uploads\/2020\/10\/law_3.jpg 560w, https:\/\/nxt-marketing.be\/wp-content\/uploads\/2020\/10\/law_3-285x300.jpg 285w\" sizes=\"(max-width: 560px) 100vw, 560px\" \/>\t\t\t\t\t\t\t\t\t\t\t\t\t\t\t<\/div>\n\t\t\t\t<\/div>\n\t\t\t\t<\/div>\n\t\t\t\t<section class=\"elementor-section elementor-top-section elementor-element elementor-element-66d5398 elementor-section-stretched elementor-section-full_width elementor-section-height-default elementor-section-height-default\" data-id=\"66d5398\" data-element_type=\"section\" data-settings=\"{&quot;stretch_section&quot;:&quot;section-stretched&quot;,&quot;background_background&quot;:&quot;classic&quot;,&quot;shape_divider_top&quot;:&quot;waves&quot;,&quot;shape_divider_bottom&quot;:&quot;waves&quot;,&quot;shape_divider_bottom_negative&quot;:&quot;yes&quot;}\">\n\t\t\t\t\t<div class=\"elementor-shape elementor-shape-top\" aria-hidden=\"true\" data-negative=\"false\">\n\t\t\t<svg xmlns=\"http:\/\/www.w3.org\/2000\/svg\" viewbox=\"0 0 1000 100\" preserveaspectratio=\"none\">\n\t<path class=\"elementor-shape-fill\" d=\"M421.9,6.5c22.6-2.5,51.5,0.4,75.5,5.3c23.6,4.9,70.9,23.5,100.5,35.7c75.8,32.2,133.7,44.5,192.6,49.7\tc23.6,2.1,48.7,3.5,103.4-2.5c54.7-6,106.2-25.6,106.2-25.6V0H0v30.3c0,0,72,32.6,158.4,30.5c39.2-0.7,92.8-6.7,134-22.4\tc21.2-8.1,52.2-18.2,79.7-24.2C399.3,7.9,411.6,7.5,421.9,6.5z\"\/>\n<\/svg>\t\t<\/div>\n\t\t\t\t<div class=\"elementor-shape elementor-shape-bottom\" aria-hidden=\"true\" data-negative=\"true\">\n\t\t\t<svg xmlns=\"http:\/\/www.w3.org\/2000\/svg\" viewbox=\"0 0 1000 100\" preserveaspectratio=\"none\">\n\t<path class=\"elementor-shape-fill\" d=\"M790.5,93.1c-59.3-5.3-116.8-18-192.6-50c-29.6-12.7-76.9-31-100.5-35.9c-23.6-4.9-52.6-7.8-75.5-5.3\tc-10.2,1.1-22.6,1.4-50.1,7.4c-27.2,6.3-58.2,16.6-79.4,24.7c-41.3,15.9-94.9,21.9-134,22.6C72,58.2,0,25.8,0,25.8V100h1000V65.3\tc0,0-51.5,19.4-106.2,25.7C839.5,97,814.1,95.2,790.5,93.1z\"\/>\n<\/svg>\t\t<\/div>\n\t\t\t\t\t<div class=\"elementor-container elementor-column-gap-default\">\n\t\t\t\t\t<div class=\"elementor-column elementor-col-100 elementor-top-column elementor-element elementor-element-6ef961e\" data-id=\"6ef961e\" data-element_type=\"column\">\n\t\t\t<div class=\"elementor-widget-wrap elementor-element-populated\">\n\t\t\t\t<div class=\"elementor-element elementor-element-895210f e-con-full e-flex e-con e-parent\" data-id=\"895210f\" data-element_type=\"container\">\n\t\t<div class=\"elementor-element elementor-element-b412a39 e-flex e-con-boxed e-con e-child\" data-id=\"b412a39\" data-element_type=\"container\">\n\t\t\t\t\t<div class=\"e-con-inner\">\n\t\t<div class=\"elementor-element elementor-element-d37c9c8 e-con-full e-flex e-con e-child\" data-id=\"d37c9c8\" data-element_type=\"container\">\n\t\t<div class=\"elementor-element elementor-element-9cae21f e-con-full e-flex e-con e-child\" data-id=\"9cae21f\" data-element_type=\"container\">\n\t\t\t\t<div class=\"elementor-element elementor-element-b64ecdf elementor-widget elementor-widget-image\" data-id=\"b64ecdf\" data-element_type=\"widget\" data-widget_type=\"image.default\">\n\t\t\t\t\t\t\t\t\t\t\t\t\t\t\t<img decoding=\"async\" width=\"633\" height=\"619\" data-src=\"https:\/\/nxt-marketing.be\/wp-content\/uploads\/2025\/08\/Screenshot_22.png\" class=\"attachment-large size-large wp-image-14339 lazyload\" alt=\"\" data-srcset=\"https:\/\/nxt-marketing.be\/wp-content\/uploads\/2025\/08\/Screenshot_22.png 633w, https:\/\/nxt-marketing.be\/wp-content\/uploads\/2025\/08\/Screenshot_22-300x293.png 300w, https:\/\/nxt-marketing.be\/wp-content\/uploads\/2025\/08\/Screenshot_22-600x587.png 600w\" data-sizes=\"(max-width: 633px) 100vw, 633px\" src=\"data:image\/svg+xml;base64,PHN2ZyB3aWR0aD0iMSIgaGVpZ2h0PSIxIiB4bWxucz0iaHR0cDovL3d3dy53My5vcmcvMjAwMC9zdmciPjwvc3ZnPg==\" style=\"--smush-placeholder-width: 633px; --smush-placeholder-aspect-ratio: 633\/619;\" \/>\t\t\t\t\t\t\t\t\t\t\t\t\t\t\t<\/div>\n\t\t\t\t<div class=\"elementor-element elementor-element-62678c9 elementor-widget elementor-widget-image\" data-id=\"62678c9\" data-element_type=\"widget\" data-widget_type=\"image.default\">\n\t\t\t\t\t\t\t\t\t\t\t\t\t\t\t<img decoding=\"async\" width=\"609\" height=\"616\" data-src=\"https:\/\/nxt-marketing.be\/wp-content\/uploads\/2025\/08\/Screenshot_21.png\" class=\"attachment-large size-large wp-image-14338 lazyload\" alt=\"\" data-srcset=\"https:\/\/nxt-marketing.be\/wp-content\/uploads\/2025\/08\/Screenshot_21.png 609w, https:\/\/nxt-marketing.be\/wp-content\/uploads\/2025\/08\/Screenshot_21-297x300.png 297w, https:\/\/nxt-marketing.be\/wp-content\/uploads\/2025\/08\/Screenshot_21-600x607.png 600w, https:\/\/nxt-marketing.be\/wp-content\/uploads\/2025\/08\/Screenshot_21-100x100.png 100w\" data-sizes=\"(max-width: 609px) 100vw, 609px\" src=\"data:image\/svg+xml;base64,PHN2ZyB3aWR0aD0iMSIgaGVpZ2h0PSIxIiB4bWxucz0iaHR0cDovL3d3dy53My5vcmcvMjAwMC9zdmciPjwvc3ZnPg==\" style=\"--smush-placeholder-width: 609px; --smush-placeholder-aspect-ratio: 609\/616;\" \/>\t\t\t\t\t\t\t\t\t\t\t\t\t\t\t<\/div>\n\t\t\t\t<\/div>\n\t\t<div class=\"elementor-element elementor-element-2849a3f e-con-full e-flex e-con e-child\" data-id=\"2849a3f\" data-element_type=\"container\">\n\t\t\t\t<div class=\"elementor-element elementor-element-7b8a5e6 elementor-widget elementor-widget-image\" data-id=\"7b8a5e6\" data-element_type=\"widget\" data-widget_type=\"image.default\">\n\t\t\t\t\t\t\t\t\t\t\t\t\t\t\t<img decoding=\"async\" width=\"491\" height=\"490\" data-src=\"https:\/\/nxt-marketing.be\/wp-content\/uploads\/2025\/08\/Screenshot_20.png\" class=\"attachment-large size-large wp-image-14337 lazyload\" alt=\"\" data-srcset=\"https:\/\/nxt-marketing.be\/wp-content\/uploads\/2025\/08\/Screenshot_20.png 491w, https:\/\/nxt-marketing.be\/wp-content\/uploads\/2025\/08\/Screenshot_20-300x300.png 300w, https:\/\/nxt-marketing.be\/wp-content\/uploads\/2025\/08\/Screenshot_20-150x150.png 150w, https:\/\/nxt-marketing.be\/wp-content\/uploads\/2025\/08\/Screenshot_20-100x100.png 100w\" data-sizes=\"(max-width: 491px) 100vw, 491px\" src=\"data:image\/svg+xml;base64,PHN2ZyB3aWR0aD0iMSIgaGVpZ2h0PSIxIiB4bWxucz0iaHR0cDovL3d3dy53My5vcmcvMjAwMC9zdmciPjwvc3ZnPg==\" style=\"--smush-placeholder-width: 491px; --smush-placeholder-aspect-ratio: 491\/490;\" \/>\t\t\t\t\t\t\t\t\t\t\t\t\t\t\t<\/div>\n\t\t\t\t<div class=\"elementor-element elementor-element-5721da0 elementor-widget elementor-widget-image\" data-id=\"5721da0\" data-element_type=\"widget\" data-widget_type=\"image.default\">\n\t\t\t\t\t\t\t\t\t\t\t\t\t\t\t<img decoding=\"async\" width=\"415\" height=\"432\" data-src=\"https:\/\/nxt-marketing.be\/wp-content\/uploads\/2025\/08\/Screenshot_23.png\" class=\"attachment-large size-large wp-image-14340 lazyload\" alt=\"\" data-srcset=\"https:\/\/nxt-marketing.be\/wp-content\/uploads\/2025\/08\/Screenshot_23.png 415w, https:\/\/nxt-marketing.be\/wp-content\/uploads\/2025\/08\/Screenshot_23-288x300.png 288w\" data-sizes=\"(max-width: 415px) 100vw, 415px\" src=\"data:image\/svg+xml;base64,PHN2ZyB3aWR0aD0iMSIgaGVpZ2h0PSIxIiB4bWxucz0iaHR0cDovL3d3dy53My5vcmcvMjAwMC9zdmciPjwvc3ZnPg==\" style=\"--smush-placeholder-width: 415px; --smush-placeholder-aspect-ratio: 415\/432;\" \/>\t\t\t\t\t\t\t\t\t\t\t\t\t\t\t<\/div>\n\t\t\t\t<\/div>\n\t\t\t\t<\/div>\n\t\t<div class=\"elementor-element elementor-element-f5a179b e-con-full e-flex e-con e-child\" data-id=\"f5a179b\" data-element_type=\"container\">\n\t\t\t\t<div class=\"elementor-element elementor-element-783189b elementor-widget elementor-widget-heading\" data-id=\"783189b\" data-element_type=\"widget\" data-widget_type=\"heading.default\">\n\t\t\t\t\t<h3 class=\"elementor-heading-title elementor-size-default\">Onze Projecten<\/h3>\t\t\t\t<\/div>\n\t\t\t\t<div class=\"elementor-element elementor-element-2fcee34 elementor-widget elementor-widget-text-editor\" data-id=\"2fcee34\" data-element_type=\"widget\" data-widget_type=\"text-editor.default\">\n\t\t\t\t\t\t\t\t\t<ul><li><strong>Telecom<\/strong> - Verkoop van abonnementen, bundels en extra diensten, of het inplannen van afspraken voor sales teams.<br \/><br \/><\/li><li><strong>Energie<\/strong> - Actieve klantbenadering voor energieleveranciers, zowel verkoop als advies en overstapdiensten.<br \/><br \/><\/li><li><strong>Verduurzaming <\/strong>\u00a0- Projecten rond zonnepanelen, thuisbatterijen en duurzame oplossingen voor particulieren en bedrijven.<br \/><br \/><\/li><li><strong>Diverse afspraakprojecten<\/strong> - Voor accountancy, verzekeringen, evenementen en andere sectoren, gericht op het plannen van kwalitatieve afspraken of het ondersteunen van verkoopteams.<\/li><\/ul>\t\t\t\t\t\t\t\t<\/div>\n\t\t\t\t<\/div>\n\t\t\t\t\t<\/div>\n\t\t\t\t<\/div>\n\t\t\t\t<\/div>\n\t\t\t\t\t<\/div>\n\t\t<\/div>\n\t\t\t\t\t<\/div>\n\t\t<\/section>\n\t\t<div class=\"elementor-element elementor-element-449cfe89 e-con-full e-flex e-con e-parent\" data-id=\"449cfe89\" data-element_type=\"container\" id=\"next\">\n\t\t\t\t<div class=\"elementor-element elementor-element-6ba6f2fc elementor-widget elementor-widget-heading\" data-id=\"6ba6f2fc\" data-element_type=\"widget\" data-widget_type=\"heading.default\">\n\t\t\t\t\t<h3 class=\"elementor-heading-title elementor-size-default\">Wat wij bieden<\/h3>\t\t\t\t<\/div>\n\t\t<div class=\"elementor-element elementor-element-63eec9bc e-con-full e-flex e-con e-child\" data-id=\"63eec9bc\" data-element_type=\"container\">\n\t\t<div class=\"elementor-element elementor-element-476e22dd e-con-full e-flex e-con e-child\" data-id=\"476e22dd\" data-element_type=\"container\">\n\t\t\t\t<div class=\"elementor-element elementor-element-3be4a5c5 elementor-position-top elementor-widget elementor-widget-image-box\" data-id=\"3be4a5c5\" data-element_type=\"widget\" data-widget_type=\"image-box.default\">\n\t\t\t\t\t<div class=\"elementor-image-box-wrapper\"><figure class=\"elementor-image-box-img\"><a href=\"#\" tabindex=\"-1\"><img decoding=\"async\" width=\"128\" height=\"128\" data-src=\"https:\/\/nxt-marketing.be\/wp-content\/uploads\/2025\/08\/money-transfer_9408701.png\" class=\"elementor-animation-grow attachment-full size-full wp-image-14299 lazyload\" alt=\"\" data-srcset=\"https:\/\/nxt-marketing.be\/wp-content\/uploads\/2025\/08\/money-transfer_9408701.png 128w, https:\/\/nxt-marketing.be\/wp-content\/uploads\/2025\/08\/money-transfer_9408701-100x100.png 100w\" data-sizes=\"(max-width: 128px) 100vw, 128px\" src=\"data:image\/svg+xml;base64,PHN2ZyB3aWR0aD0iMSIgaGVpZ2h0PSIxIiB4bWxucz0iaHR0cDovL3d3dy53My5vcmcvMjAwMC9zdmciPjwvc3ZnPg==\" style=\"--smush-placeholder-width: 128px; --smush-placeholder-aspect-ratio: 128\/128;\" \/><\/a><\/figure><div class=\"elementor-image-box-content\"><h4 class=\"elementor-image-box-title\"><a href=\"#\">Gegarandeerde beste voorwaarden<\/a><\/h4><p class=\"elementor-image-box-description\">Wij onderhandelen namens callcenters en medewerkers zodat iedereen eerlijk en marktconform betaald krijgt.<\/p><\/div><\/div>\t\t\t\t<\/div>\n\t\t\t\t<\/div>\n\t\t<div class=\"elementor-element elementor-element-78368e18 e-con-full e-flex e-con e-child\" data-id=\"78368e18\" data-element_type=\"container\">\n\t\t\t\t<div class=\"elementor-element elementor-element-69b6bc1e elementor-position-top elementor-widget elementor-widget-image-box\" data-id=\"69b6bc1e\" data-element_type=\"widget\" data-widget_type=\"image-box.default\">\n\t\t\t\t\t<div class=\"elementor-image-box-wrapper\"><figure class=\"elementor-image-box-img\"><a href=\"#\" tabindex=\"-1\"><img decoding=\"async\" width=\"128\" height=\"128\" data-src=\"https:\/\/nxt-marketing.be\/wp-content\/uploads\/2025\/08\/skills_4362982-1.png\" class=\"elementor-animation-grow attachment-medium size-medium wp-image-14300 lazyload\" alt=\"\" data-srcset=\"https:\/\/nxt-marketing.be\/wp-content\/uploads\/2025\/08\/skills_4362982-1.png 128w, https:\/\/nxt-marketing.be\/wp-content\/uploads\/2025\/08\/skills_4362982-1-100x100.png 100w\" data-sizes=\"(max-width: 128px) 100vw, 128px\" src=\"data:image\/svg+xml;base64,PHN2ZyB3aWR0aD0iMSIgaGVpZ2h0PSIxIiB4bWxucz0iaHR0cDovL3d3dy53My5vcmcvMjAwMC9zdmciPjwvc3ZnPg==\" style=\"--smush-placeholder-width: 128px; --smush-placeholder-aspect-ratio: 128\/128;\" \/><\/a><\/figure><div class=\"elementor-image-box-content\"><h4 class=\"elementor-image-box-title\"><a href=\"#\">Match met uw <br> expertise <\/a><\/h4><p class=\"elementor-image-box-description\">Wij koppelen projecten aan de juiste vaardigheden en ervaring, zodat uw team optimaal presteert.<\/p><\/div><\/div>\t\t\t\t<\/div>\n\t\t\t\t<\/div>\n\t\t<div class=\"elementor-element elementor-element-6258ed6e e-con-full e-flex e-con e-child\" data-id=\"6258ed6e\" data-element_type=\"container\">\n\t\t\t\t<div class=\"elementor-element elementor-element-2f2237da elementor-position-top elementor-widget elementor-widget-image-box\" data-id=\"2f2237da\" data-element_type=\"widget\" data-widget_type=\"image-box.default\">\n\t\t\t\t\t<div class=\"elementor-image-box-wrapper\"><figure class=\"elementor-image-box-img\"><a href=\"#\" tabindex=\"-1\"><img decoding=\"async\" width=\"128\" height=\"128\" data-src=\"https:\/\/nxt-marketing.be\/wp-content\/uploads\/2025\/08\/support-center_17474551.png\" class=\"elementor-animation-grow attachment-medium size-medium wp-image-14301 lazyload\" alt=\"\" data-srcset=\"https:\/\/nxt-marketing.be\/wp-content\/uploads\/2025\/08\/support-center_17474551.png 128w, https:\/\/nxt-marketing.be\/wp-content\/uploads\/2025\/08\/support-center_17474551-100x100.png 100w\" data-sizes=\"(max-width: 128px) 100vw, 128px\" src=\"data:image\/svg+xml;base64,PHN2ZyB3aWR0aD0iMSIgaGVpZ2h0PSIxIiB4bWxucz0iaHR0cDovL3d3dy53My5vcmcvMjAwMC9zdmciPjwvc3ZnPg==\" style=\"--smush-placeholder-width: 128px; --smush-placeholder-aspect-ratio: 128\/128;\" \/><\/a><\/figure><div class=\"elementor-image-box-content\"><h4 class=\"elementor-image-box-title\"><a href=\"#\">Transparantie &amp; ondersteuning <\/a><\/h4><p class=\"elementor-image-box-description\">Van projectinformatie tot rapportage, wij zorgen dat callcenters en medewerkers altijd volledig ge\u00efnformeerd zijn.<\/p><\/div><\/div>\t\t\t\t<\/div>\n\t\t\t\t<\/div>\n\t\t<div class=\"elementor-element elementor-element-15c0ed38 e-con-full e-flex e-con e-child\" data-id=\"15c0ed38\" data-element_type=\"container\">\n\t\t\t\t<div class=\"elementor-element elementor-element-3d084da9 elementor-position-top elementor-widget elementor-widget-image-box\" data-id=\"3d084da9\" data-element_type=\"widget\" data-widget_type=\"image-box.default\">\n\t\t\t\t\t<div class=\"elementor-image-box-wrapper\"><figure class=\"elementor-image-box-img\"><a href=\"#\" tabindex=\"-1\"><img decoding=\"async\" width=\"128\" height=\"128\" data-src=\"https:\/\/nxt-marketing.be\/wp-content\/uploads\/2025\/08\/international-persons_13377677.png\" class=\"elementor-animation-grow attachment-full size-full wp-image-14302 lazyload\" alt=\"\" data-srcset=\"https:\/\/nxt-marketing.be\/wp-content\/uploads\/2025\/08\/international-persons_13377677.png 128w, https:\/\/nxt-marketing.be\/wp-content\/uploads\/2025\/08\/international-persons_13377677-100x100.png 100w\" data-sizes=\"(max-width: 128px) 100vw, 128px\" src=\"data:image\/svg+xml;base64,PHN2ZyB3aWR0aD0iMSIgaGVpZ2h0PSIxIiB4bWxucz0iaHR0cDovL3d3dy53My5vcmcvMjAwMC9zdmciPjwvc3ZnPg==\" style=\"--smush-placeholder-width: 128px; --smush-placeholder-aspect-ratio: 128\/128;\" \/><\/a><\/figure><div class=\"elementor-image-box-content\"><h4 class=\"elementor-image-box-title\"><a href=\"#\">Internationaal <br>\nNetwerk <\/a><\/h4><p class=\"elementor-image-box-description\">Toegang tot projecten in Nederland, Belgi\u00eb, Turkije en Suriname.<\/p><\/div><\/div>\t\t\t\t<\/div>\n\t\t\t\t<\/div>\n\t\t\t\t<\/div>\n\t\t\t\t<\/div>\n\t\t\t\t<section class=\"elementor-section elementor-top-section elementor-element elementor-element-f13a30d elementor-section-stretched elementor-section-full_width elementor-section-height-default elementor-section-height-default\" data-id=\"f13a30d\" data-element_type=\"section\" data-settings=\"{&quot;stretch_section&quot;:&quot;section-stretched&quot;,&quot;background_background&quot;:&quot;classic&quot;,&quot;shape_divider_top&quot;:&quot;waves&quot;,&quot;shape_divider_bottom&quot;:&quot;waves&quot;,&quot;shape_divider_bottom_negative&quot;:&quot;yes&quot;}\">\n\t\t\t\t\t<div class=\"elementor-shape elementor-shape-top\" aria-hidden=\"true\" data-negative=\"false\">\n\t\t\t<svg xmlns=\"http:\/\/www.w3.org\/2000\/svg\" viewbox=\"0 0 1000 100\" preserveaspectratio=\"none\">\n\t<path class=\"elementor-shape-fill\" d=\"M421.9,6.5c22.6-2.5,51.5,0.4,75.5,5.3c23.6,4.9,70.9,23.5,100.5,35.7c75.8,32.2,133.7,44.5,192.6,49.7\tc23.6,2.1,48.7,3.5,103.4-2.5c54.7-6,106.2-25.6,106.2-25.6V0H0v30.3c0,0,72,32.6,158.4,30.5c39.2-0.7,92.8-6.7,134-22.4\tc21.2-8.1,52.2-18.2,79.7-24.2C399.3,7.9,411.6,7.5,421.9,6.5z\"\/>\n<\/svg>\t\t<\/div>\n\t\t\t\t<div class=\"elementor-shape elementor-shape-bottom\" aria-hidden=\"true\" data-negative=\"true\">\n\t\t\t<svg xmlns=\"http:\/\/www.w3.org\/2000\/svg\" viewbox=\"0 0 1000 100\" preserveaspectratio=\"none\">\n\t<path class=\"elementor-shape-fill\" d=\"M790.5,93.1c-59.3-5.3-116.8-18-192.6-50c-29.6-12.7-76.9-31-100.5-35.9c-23.6-4.9-52.6-7.8-75.5-5.3\tc-10.2,1.1-22.6,1.4-50.1,7.4c-27.2,6.3-58.2,16.6-79.4,24.7c-41.3,15.9-94.9,21.9-134,22.6C72,58.2,0,25.8,0,25.8V100h1000V65.3\tc0,0-51.5,19.4-106.2,25.7C839.5,97,814.1,95.2,790.5,93.1z\"\/>\n<\/svg>\t\t<\/div>\n\t\t\t\t\t<div class=\"elementor-container elementor-column-gap-default\">\n\t\t\t\t\t<div class=\"elementor-column elementor-col-100 elementor-top-column elementor-element elementor-element-c90df79\" data-id=\"c90df79\" data-element_type=\"column\">\n\t\t\t<div class=\"elementor-widget-wrap elementor-element-populated\">\n\t\t\t\t<div class=\"elementor-element elementor-element-323ce94 e-flex e-con-boxed e-con e-parent\" data-id=\"323ce94\" data-element_type=\"container\">\n\t\t\t\t\t<div class=\"e-con-inner\">\n\t\t<div class=\"elementor-element elementor-element-52b73675 e-con-full e-flex e-con e-child\" data-id=\"52b73675\" data-element_type=\"container\">\n\t\t\t\t<div class=\"elementor-element elementor-element-47bbbb5f elementor-widget elementor-widget-heading\" data-id=\"47bbbb5f\" data-element_type=\"widget\" data-widget_type=\"heading.default\">\n\t\t\t\t\t<h3 class=\"elementor-heading-title elementor-size-default\">Waarom <br>\nNext Marketing?<\/h3>\t\t\t\t<\/div>\n\t\t\t\t<div class=\"elementor-element elementor-element-4a20ba1f elementor-widget elementor-widget-text-editor\" data-id=\"4a20ba1f\" data-element_type=\"widget\" data-widget_type=\"text-editor.default\">\n\t\t\t\t\t\t\t\t\t<p>Met onze ondersteuning heeft uw team altijd toegang tot <strong>de meest interessante en rendabele projecten,<\/strong> zonder dat u zelf hoeft te zoeken. Wij zorgen dat alles soepel verloopt: van aanvraag tot uitvoering en betaling.<\/p>\t\t\t\t\t\t\t\t<\/div>\n\t\t\t\t<div class=\"elementor-element elementor-element-d70052c elementor-align-center elementor-mobile-align-center elementor-widget elementor-widget-button\" data-id=\"d70052c\" data-element_type=\"widget\" data-widget_type=\"button.default\">\n\t\t\t\t\t\t\t\t\t\t<a class=\"elementor-button elementor-button-link elementor-size-sm\" href=\"https:\/\/nxt-marketing.be\/nl\/contact\/\">\n\t\t\t\t\t\t<span class=\"elementor-button-content-wrapper\">\n\t\t\t\t\t\t\t\t\t<span class=\"elementor-button-text\">Neem contact met ons op<\/span>\n\t\t\t\t\t<\/span>\n\t\t\t\t\t<\/a>\n\t\t\t\t\t\t\t\t<\/div>\n\t\t\t\t<\/div>\n\t\t\t\t\t<\/div>\n\t\t\t\t<\/div>\n\t\t\t\t\t<\/div>\n\t\t<\/div>\n\t\t\t\t\t<\/div>\n\t\t<\/section>\n\t\t\t\t<\/div>","protected":false},"excerpt":{"rendered":"<p>Next Marketing \u00c7a\u011fr\u0131 merkezleri ve \u00e7al\u0131\u015fanlara farkl\u0131 sekt\u00f6rlerde g\u00fcncel projelere eri\u015fim imk\u00e2n\u0131 sunar. Herkesin en iyi \u015fartlar ve en uygun projelerle \u00e7al\u0131\u015fmas\u0131n\u0131 sa\u011fl\u0131yoruz. Mevcut Projelerimiz Telekom \u2013 Aboneliklerin, paketlerin ve ek hizmetlerin sat\u0131\u015f\u0131 veya sat\u0131\u015f ekipleri i\u00e7in randevu planlamas\u0131. Enerji \u2013 Enerji sa\u011flay\u0131c\u0131lar\u0131 i\u00e7in aktif m\u00fc\u015fteri ileti\u015fimi, sat\u0131\u015f ve ge\u00e7i\u015f hizmetleri. S\u00fcrd\u00fcr\u00fclebilirlik \u00a0\u2013 G\u00fcne\u015f panelleri,&#8230;<\/p>","protected":false},"author":1,"featured_media":0,"parent":0,"menu_order":0,"comment_status":"closed","ping_status":"closed","template":"","meta":{"footnotes":""},"class_list":["post-13505","page","type-page","status-publish","hentry"],"_links":{"self":[{"href":"https:\/\/nxt-marketing.be\/nl\/wp-json\/wp\/v2\/pages\/13505","targetHints":{"allow":["GET"]}}],"collection":[{"href":"https:\/\/nxt-marketing.be\/nl\/wp-json\/wp\/v2\/pages"}],"about":[{"href":"https:\/\/nxt-marketing.be\/nl\/wp-json\/wp\/v2\/types\/page"}],"author":[{"embeddable":true,"href":"https:\/\/nxt-marketing.be\/nl\/wp-json\/wp\/v2\/users\/1"}],"replies":[{"embeddable":true,"href":"https:\/\/nxt-marketing.be\/nl\/wp-json\/wp\/v2\/comments?post=13505"}],"version-history":[{"count":35,"href":"https:\/\/nxt-marketing.be\/nl\/wp-json\/wp\/v2\/pages\/13505\/revisions"}],"predecessor-version":[{"id":14347,"href":"https:\/\/nxt-marketing.be\/nl\/wp-json\/wp\/v2\/pages\/13505\/revisions\/14347"}],"wp:attachment":[{"href":"https:\/\/nxt-marketing.be\/nl\/wp-json\/wp\/v2\/media?parent=13505"}],"curies":[{"name":"wp","href":"https:\/\/api.w.org\/{rel}","templated":true}]}}