{"id":13468,"date":"2023-07-18T20:45:57","date_gmt":"2023-07-18T20:45:57","guid":{"rendered":"https:\/\/business.reobiztheme.com\/?page_id=13468"},"modified":"2025-08-20T19:54:25","modified_gmt":"2025-08-20T16:54:25","slug":"recruimentservice","status":"publish","type":"page","link":"https:\/\/nxt-marketing.be\/nl\/recruimentservice\/","title":{"rendered":"Recruiment Service"},"content":{"rendered":"<div data-elementor-type=\"wp-page\" data-elementor-id=\"13468\" class=\"elementor elementor-13468\" data-elementor-post-type=\"page\">\n\t\t\t\t<div class=\"elementor-element elementor-element-2a2a966 e-flex e-con-boxed e-con e-parent\" data-id=\"2a2a966\" data-element_type=\"container\">\n\t\t\t\t\t<div class=\"e-con-inner\">\n\t\t\t\t<div class=\"elementor-element elementor-element-ee06ad6 elementor-widget elementor-widget-heading\" data-id=\"ee06ad6\" data-element_type=\"widget\" data-widget_type=\"heading.default\">\n\t\t\t\t\t<h2 class=\"elementor-heading-title elementor-size-default\">Onze werkwijze<\/h2>\t\t\t\t<\/div>\n\t\t\t\t<div class=\"elementor-element elementor-element-93e8d2c elementor-widget elementor-widget-text-editor\" data-id=\"93e8d2c\" data-element_type=\"widget\" data-widget_type=\"text-editor.default\">\n\t\t\t\t\t\t\t\t\t<p><strong>Next Marketing<\/strong> geloven we dat de juiste mensen het verschil maken. Onze recruitment service helpt bedrijven in Nederland en Belgi\u00eb snel en effectief gekwalificeerd personeel te vinden, met name binnen commerci\u00eble en klantgerichte functies. Of het nu gaat om een enkele medewerker, tijdelijke krachten of een volledig salesteam: wij zorgen voor de perfecte match, zodat u zich kunt focussen op groei en resultaat.<\/p>\n<p>Dankzij ons uitgebreide netwerk van callcenters, salesprofessionals en partners weten wij precies waar we het beste talent vinden. Wij gaan verder dan alleen het plaatsen van een vacature: wij verbinden bedrijven met kandidaten die \u00e9cht passen bij uw organisatie en ambitie.<\/p>\t\t\t\t\t\t\t\t<\/div>\n\t\t\t\t\t<\/div>\n\t\t\t\t<\/div>\n\t\t\t\t<section class=\"elementor-section elementor-top-section elementor-element elementor-element-056733a elementor-section-boxed elementor-section-height-default elementor-section-height-default\" data-id=\"056733a\" data-element_type=\"section\">\n\t\t\t\t\t\t<div class=\"elementor-container elementor-column-gap-default\">\n\t\t\t\t\t<div class=\"elementor-column elementor-col-100 elementor-top-column elementor-element elementor-element-cde2905\" data-id=\"cde2905\" data-element_type=\"column\">\n\t\t\t<div class=\"elementor-widget-wrap elementor-element-populated\">\n\t\t\t\t\t\t<section class=\"elementor-section elementor-inner-section elementor-element elementor-element-0d61c22 elementor-section-boxed elementor-section-height-default elementor-section-height-default\" data-id=\"0d61c22\" data-element_type=\"section\">\n\t\t\t\t\t\t<div class=\"elementor-container elementor-column-gap-default\">\n\t\t\t\t\t<div class=\"elementor-column elementor-col-33 elementor-inner-column elementor-element elementor-element-e8aeb95\" data-id=\"e8aeb95\" data-element_type=\"column\">\n\t\t\t<div class=\"elementor-widget-wrap elementor-element-populated\">\n\t\t\t\t\t\t<div class=\"elementor-element elementor-element-0860102 elementor-widget elementor-widget-rs-service-grid\" data-id=\"0860102\" data-element_type=\"widget\" data-widget_type=\"rs-service-grid.default\">\n\t\t\t\t<div class=\"elementor-widget-container\">\n\t\t\t\t\t\t\t\r\n\t\t<div class=\"rs-addon-services services-style8 service_shape_\">\r\n\t\t    <div class=\"services-part style9-\">\r\n\r\n\t\t    \t\r\n\t\t    \t\r\n\t\t    \t\t\t\r\n\t\t    \t\t\t\t\t\t    \t\t\t<div class=\"services-icon  icon no\">\r\n\r\n\t\t\t\t\t    \t\t\t\t\t\t\t    \t\t\t<i class=\"fa fa fa-bar-chart-o\"><\/i>\r\n\t\t\t\t\t    \t\t\r\n\t\t\t\t\t    \t\t\r\n\t\t\t\t\t    \t\t\t\t\t\t    \t\t<\/div>\r\n\t\t\t    \t\t\r\n\r\n\t\t    \t\t\t    \t\t       \r\n\t\t\t    <div class=\"services-text\">\r\n\r\n\t\t\t    \t\r\n\r\n\t\t\t    \t\t\t\t\t    \t<div class=\"services-title\">\t\t\t\t    \t\t\r\n\t\t\t\t    \t\t\t\t\t\t    \t\t\t<h2 class=\"title\"> Intake &amp; Analyse <\/h2>\r\n\t\t\t\t    \t\t\t\t\t\t    \t\t\r\n\t\t\t\t    \t<\/div>\r\n\t\t\t    \t\t\r\n\r\n\t\t\t    \t\t\t\t    \t\t<p class=\"services-txt\">  We starten met een uitgebreid gesprek om uw behoeften, de functie-eisen en de bedrijfscultuur helder in kaart te brengen. Zo weten we precies wat u zoekt.<\/p>\t\r\n\t\t\t    \t\t\r\n\r\n\r\n\r\n\t\t\t    \t\t    \t    \t\t\t    \t    \t    \t\t    \t\t<div class=\"serial_number\">\r\n    \t\t    \t\t\t~~~ 01 \r\n    \t\t    \t\t<\/div>\r\n    \t\t    \t\r\n\r\n\r\n\r\n\t\t\t    <\/div>\r\n\t\t\t<\/div>\r\n\t\t<\/div>\t\r\n\t\t\r\n\t\t\t\t\t<\/div>\n\t\t\t\t<\/div>\n\t\t\t\t<div class=\"elementor-element elementor-element-6e13ee6 elementor-widget elementor-widget-rs-service-grid\" data-id=\"6e13ee6\" data-element_type=\"widget\" data-widget_type=\"rs-service-grid.default\">\n\t\t\t\t<div class=\"elementor-widget-container\">\n\t\t\t\t\t\t\t\r\n\t\t<div class=\"rs-addon-services services-style8 service_shape_\">\r\n\t\t    <div class=\"services-part style9-\">\r\n\r\n\t\t    \t\r\n\t\t    \t\r\n\t\t    \t\t\t\r\n\t\t    \t\t\t\t\t\t    \t\t\t<div class=\"services-icon  icon no\">\r\n\r\n\t\t\t\t\t    \t\t\t\t\t\t\t    \t\t\t<i class=\"fa fa fa-sitemap\"><\/i>\r\n\t\t\t\t\t    \t\t\r\n\t\t\t\t\t    \t\t\r\n\t\t\t\t\t    \t\t\t\t\t\t    \t\t<\/div>\r\n\t\t\t    \t\t\r\n\r\n\t\t    \t\t\t    \t\t       \r\n\t\t\t    <div class=\"services-text\">\r\n\r\n\t\t\t    \t\r\n\r\n\t\t\t    \t\t\t\t\t    \t<div class=\"services-title\">\t\t\t\t    \t\t\r\n\t\t\t\t    \t\t\t\t\t\t    \t\t\t<h2 class=\"title\"> Presentatie Kandidaten<\/h2>\r\n\t\t\t\t    \t\t\t\t\t\t    \t\t\r\n\t\t\t\t    \t<\/div>\r\n\t\t\t    \t\t\r\n\r\n\t\t\t    \t\t\t\t    \t\t<p class=\"services-txt\">  U ontvangt een overzicht van profielen inclusief achtergrondinformatie, ervaring en motivatie.<\/p>\t\r\n\t\t\t    \t\t\r\n\r\n\r\n\r\n\t\t\t    \t\t    \t    \t\t\t    \t    \t    \t\t    \t\t<div class=\"serial_number\">\r\n    \t\t    \t\t\t~~~ 04 \r\n    \t\t    \t\t<\/div>\r\n    \t\t    \t\r\n\r\n\r\n\r\n\t\t\t    <\/div>\r\n\t\t\t<\/div>\r\n\t\t<\/div>\t\r\n\t\t\r\n\t\t\t\t\t<\/div>\n\t\t\t\t<\/div>\n\t\t\t\t\t<\/div>\n\t\t<\/div>\n\t\t\t\t<div class=\"elementor-column elementor-col-33 elementor-inner-column elementor-element elementor-element-9113027\" data-id=\"9113027\" data-element_type=\"column\">\n\t\t\t<div class=\"elementor-widget-wrap elementor-element-populated\">\n\t\t\t\t\t\t<div class=\"elementor-element elementor-element-e70caa9 elementor-widget elementor-widget-rs-service-grid\" data-id=\"e70caa9\" data-element_type=\"widget\" data-widget_type=\"rs-service-grid.default\">\n\t\t\t\t<div class=\"elementor-widget-container\">\n\t\t\t\t\t\t\t\r\n\t\t<div class=\"rs-addon-services services-style8 service_shape_\">\r\n\t\t    <div class=\"services-part style9-\">\r\n\r\n\t\t    \t\r\n\t\t    \t\r\n\t\t    \t\t\t\r\n\t\t    \t\t\t\t\t\t    \t\t\t<div class=\"services-icon  icon no\">\r\n\r\n\t\t\t\t\t    \t\t\t\t\t\t\t    \t\t\t<i class=\"fa fa fa-puzzle-piece\"><\/i>\r\n\t\t\t\t\t    \t\t\r\n\t\t\t\t\t    \t\t\r\n\t\t\t\t\t    \t\t\t\t\t\t    \t\t<\/div>\r\n\t\t\t    \t\t\r\n\r\n\t\t    \t\t\t    \t\t       \r\n\t\t\t    <div class=\"services-text\">\r\n\r\n\t\t\t    \t\r\n\r\n\t\t\t    \t\t\t\t\t    \t<div class=\"services-title\">\t\t\t\t    \t\t\r\n\t\t\t\t    \t\t\t\t\t\t    \t\t\t<h2 class=\"title\"> Gerichte Werving <\/h2>\r\n\t\t\t\t    \t\t\t\t\t\t    \t\t\r\n\t\t\t\t    \t<\/div>\r\n\t\t\t    \t\t\r\n\r\n\t\t\t    \t\t\t\t    \t\t<p class=\"services-txt\">  Met ons netwerk en actieve sourcing op diverse kanalen vinden we kandidaten die aansluiten bij het profiel.<\/p>\t\r\n\t\t\t    \t\t\r\n\r\n\r\n\r\n\t\t\t    \t\t    \t    \t\t\t    \t    \t    \t\t    \t\t<div class=\"serial_number\">\r\n    \t\t    \t\t\t~~~ 02 \r\n    \t\t    \t\t<\/div>\r\n    \t\t    \t\r\n\r\n\r\n\r\n\t\t\t    <\/div>\r\n\t\t\t<\/div>\r\n\t\t<\/div>\t\r\n\t\t\r\n\t\t\t\t\t<\/div>\n\t\t\t\t<\/div>\n\t\t\t\t<div class=\"elementor-element elementor-element-1820c30 elementor-widget elementor-widget-rs-service-grid\" data-id=\"1820c30\" data-element_type=\"widget\" data-widget_type=\"rs-service-grid.default\">\n\t\t\t\t<div class=\"elementor-widget-container\">\n\t\t\t\t\t\t\t\r\n\t\t<div class=\"rs-addon-services services-style8 service_shape_\">\r\n\t\t    <div class=\"services-part style9-\">\r\n\r\n\t\t    \t\r\n\t\t    \t\r\n\t\t    \t\t\t\r\n\t\t    \t\t\t\t\t\t    \t\t\t<div class=\"services-icon  icon no\">\r\n\r\n\t\t\t\t\t    \t\t\t\t\t\t\t    \t\t\t<i class=\"fa fa fa-codepen\"><\/i>\r\n\t\t\t\t\t    \t\t\r\n\t\t\t\t\t    \t\t\r\n\t\t\t\t\t    \t\t\t\t\t\t    \t\t<\/div>\r\n\t\t\t    \t\t\r\n\r\n\t\t    \t\t\t    \t\t       \r\n\t\t\t    <div class=\"services-text\">\r\n\r\n\t\t\t    \t\r\n\r\n\t\t\t    \t\t\t\t\t    \t<div class=\"services-title\">\t\t\t\t    \t\t\r\n\t\t\t\t    \t\t\t\t\t\t    \t\t\t<h2 class=\"title\"> Co\u00f6rdinatie &amp; Begeleiding<\/h2>\r\n\t\t\t\t    \t\t\t\t\t\t    \t\t\r\n\t\t\t\t    \t<\/div>\r\n\t\t\t    \t\t\r\n\r\n\t\t\t    \t\t\t\t    \t\t<p class=\"services-txt\">  Wij regelen de planning van sollicitatiegesprekken en begeleiden het proces tot aan de aanname.<\/p>\t\r\n\t\t\t    \t\t\r\n\r\n\r\n\r\n\t\t\t    \t\t    \t    \t\t\t    \t    \t    \t\t    \t\t<div class=\"serial_number\">\r\n    \t\t    \t\t\t~~~ 05 \r\n    \t\t    \t\t<\/div>\r\n    \t\t    \t\r\n\r\n\r\n\r\n\t\t\t    <\/div>\r\n\t\t\t<\/div>\r\n\t\t<\/div>\t\r\n\t\t\r\n\t\t\t\t\t<\/div>\n\t\t\t\t<\/div>\n\t\t\t\t\t<\/div>\n\t\t<\/div>\n\t\t\t\t<div class=\"elementor-column elementor-col-33 elementor-inner-column elementor-element elementor-element-82a5e02\" data-id=\"82a5e02\" data-element_type=\"column\">\n\t\t\t<div class=\"elementor-widget-wrap elementor-element-populated\">\n\t\t\t\t\t\t<div class=\"elementor-element elementor-element-eb2425c elementor-widget elementor-widget-rs-service-grid\" data-id=\"eb2425c\" data-element_type=\"widget\" data-widget_type=\"rs-service-grid.default\">\n\t\t\t\t<div class=\"elementor-widget-container\">\n\t\t\t\t\t\t\t\r\n\t\t<div class=\"rs-addon-services services-style8 service_shape_\">\r\n\t\t    <div class=\"services-part style9-\">\r\n\r\n\t\t    \t\r\n\t\t    \t\r\n\t\t    \t\t\t\r\n\t\t    \t\t\t\t\t\t    \t\t\t<div class=\"services-icon  icon no\">\r\n\r\n\t\t\t\t\t    \t\t\t\t\t\t\t    \t\t\t<i class=\"fa fa fa-search-minus\"><\/i>\r\n\t\t\t\t\t    \t\t\r\n\t\t\t\t\t    \t\t\r\n\t\t\t\t\t    \t\t\t\t\t\t    \t\t<\/div>\r\n\t\t\t    \t\t\r\n\r\n\t\t    \t\t\t    \t\t       \r\n\t\t\t    <div class=\"services-text\">\r\n\r\n\t\t\t    \t\r\n\r\n\t\t\t    \t\t\t\t\t    \t<div class=\"services-title\">\t\t\t\t    \t\t\r\n\t\t\t\t    \t\t\t\t\t\t    \t\t\t<h2 class=\"title\"> Voorselectie &amp; Screening <\/h2>\r\n\t\t\t\t    \t\t\t\t\t\t    \t\t\r\n\t\t\t\t    \t<\/div>\r\n\t\t\t    \t\t\r\n\r\n\t\t\t    \t\t\t\t    \t\t<p class=\"services-txt\">  Wij voeren persoonlijke gesprekken, toetsen vaardigheden en controleren referenties, zodat u alleen de meest geschikte kandidaten ontmoet.<\/p>\t\r\n\t\t\t    \t\t\r\n\r\n\r\n\r\n\t\t\t    \t\t    \t    \t\t\t    \t    \t    \t\t    \t\t<div class=\"serial_number\">\r\n    \t\t    \t\t\t~~~ 03 \r\n    \t\t    \t\t<\/div>\r\n    \t\t    \t\r\n\r\n\r\n\r\n\t\t\t    <\/div>\r\n\t\t\t<\/div>\r\n\t\t<\/div>\t\r\n\t\t\r\n\t\t\t\t\t<\/div>\n\t\t\t\t<\/div>\n\t\t\t\t<div class=\"elementor-element elementor-element-7ce40d6 elementor-widget elementor-widget-rs-service-grid\" data-id=\"7ce40d6\" data-element_type=\"widget\" data-widget_type=\"rs-service-grid.default\">\n\t\t\t\t<div class=\"elementor-widget-container\">\n\t\t\t\t\t\t\t\r\n\t\t<div class=\"rs-addon-services services-style8 service_shape_\">\r\n\t\t    <div class=\"services-part style9-\">\r\n\r\n\t\t    \t\r\n\t\t    \t\r\n\t\t    \t\t\t\r\n\t\t    \t\t\t\t\t\t    \t\t\t<div class=\"services-icon  icon no\">\r\n\r\n\t\t\t\t\t    \t\t\t\t\t\t\t    \t\t\t<i class=\"fa fa fa-yelp\"><\/i>\r\n\t\t\t\t\t    \t\t\r\n\t\t\t\t\t    \t\t\r\n\t\t\t\t\t    \t\t\t\t\t\t    \t\t<\/div>\r\n\t\t\t    \t\t\r\n\r\n\t\t    \t\t\t    \t\t       \r\n\t\t\t    <div class=\"services-text\">\r\n\r\n\t\t\t    \t\r\n\r\n\t\t\t    \t\t\t\t\t    \t<div class=\"services-title\">\t\t\t\t    \t\t\r\n\t\t\t\t    \t\t\t\t\t\t    \t\t\t<h2 class=\"title\"> Nazorg &amp; Succesgarantie<\/h2>\r\n\t\t\t\t    \t\t\t\t\t\t    \t\t\r\n\t\t\t\t    \t<\/div>\r\n\t\t\t    \t\t\r\n\r\n\t\t\t    \t\t\t\t    \t\t<p class=\"services-txt\">  Ook na plaatsing blijven wij betrokken, om te zorgen dat de samenwerking soepel verloopt en beide partijen tevreden zijn.<\/p>\t\r\n\t\t\t    \t\t\r\n\r\n\r\n\r\n\t\t\t    \t\t    \t    \t\t\t    \t    \t    \t\t    \t\t<div class=\"serial_number\">\r\n    \t\t    \t\t\t~~~ 06 \r\n    \t\t    \t\t<\/div>\r\n    \t\t    \t\r\n\r\n\r\n\r\n\t\t\t    <\/div>\r\n\t\t\t<\/div>\r\n\t\t<\/div>\t\r\n\t\t\r\n\t\t\t\t\t<\/div>\n\t\t\t\t<\/div>\n\t\t\t\t\t<\/div>\n\t\t<\/div>\n\t\t\t\t\t<\/div>\n\t\t<\/section>\n\t\t\t\t\t<\/div>\n\t\t<\/div>\n\t\t\t\t\t<\/div>\n\t\t<\/section>\n\t\t<div class=\"elementor-element elementor-element-cf0e28f e-flex e-con-boxed e-con e-parent\" data-id=\"cf0e28f\" data-element_type=\"container\">\n\t\t\t\t\t<div class=\"e-con-inner\">\n\t\t\t\t<div class=\"elementor-element elementor-element-694d6a4 elementor-widget elementor-widget-text-editor\" data-id=\"694d6a4\" data-element_type=\"widget\" data-widget_type=\"text-editor.default\">\n\t\t\t\t\t\t\t\t\t<p><strong>Next Marketing<\/strong>, combineren we onze kennis van de markt met een persoonlijke aanpak en een groot netwerk, zodat u snel en effici\u00ebnt het juiste talent aan boord krijgt. Wij nemen het volledige recruitmentproces uit handen, van werving tot plaatsing, zodat u zich volledig kunt richten op uw core business en groei.<\/p>\t\t\t\t\t\t\t\t<\/div>\n\t\t\t\t\t<\/div>\n\t\t\t\t<\/div>\n\t\t\t\t<\/div>","protected":false},"excerpt":{"rendered":"<p>\u00c7al\u0131\u015fma Y\u00f6ntemimiz Next Marketing olarak do\u011fru ki\u015filerin fark yaratt\u0131\u011f\u0131na inan\u0131yoruz. \u0130\u015fe al\u0131m hizmetimiz, Hollanda ve Bel\u00e7ika\u2019daki \u015firketlerin nitelikli personeli h\u0131zl\u0131 ve etkili bir \u015fekilde bulmas\u0131na yard\u0131mc\u0131 olur; \u00f6zellikle ticari ve m\u00fc\u015fteri odakl\u0131 pozisyonlarda. \u0130ster tek bir \u00e7al\u0131\u015fan, ge\u00e7ici personel, ister tam bir sat\u0131\u015f ekibi ar\u0131yor olun: biz do\u011fru e\u015fle\u015fmeyi sa\u011fl\u0131yoruz, b\u00f6ylece siz b\u00fcy\u00fcmeye ve sonu\u00e7&#8230;<\/p>","protected":false},"author":1,"featured_media":0,"parent":0,"menu_order":0,"comment_status":"closed","ping_status":"closed","template":"","meta":{"footnotes":""},"class_list":["post-13468","page","type-page","status-publish","hentry"],"_links":{"self":[{"href":"https:\/\/nxt-marketing.be\/nl\/wp-json\/wp\/v2\/pages\/13468","targetHints":{"allow":["GET"]}}],"collection":[{"href":"https:\/\/nxt-marketing.be\/nl\/wp-json\/wp\/v2\/pages"}],"about":[{"href":"https:\/\/nxt-marketing.be\/nl\/wp-json\/wp\/v2\/types\/page"}],"author":[{"embeddable":true,"href":"https:\/\/nxt-marketing.be\/nl\/wp-json\/wp\/v2\/users\/1"}],"replies":[{"embeddable":true,"href":"https:\/\/nxt-marketing.be\/nl\/wp-json\/wp\/v2\/comments?post=13468"}],"version-history":[{"count":11,"href":"https:\/\/nxt-marketing.be\/nl\/wp-json\/wp\/v2\/pages\/13468\/revisions"}],"predecessor-version":[{"id":14278,"href":"https:\/\/nxt-marketing.be\/nl\/wp-json\/wp\/v2\/pages\/13468\/revisions\/14278"}],"wp:attachment":[{"href":"https:\/\/nxt-marketing.be\/nl\/wp-json\/wp\/v2\/media?parent=13468"}],"curies":[{"name":"wp","href":"https:\/\/api.w.org\/{rel}","templated":true}]}}