{"id":13441,"date":"2023-07-18T20:41:17","date_gmt":"2023-07-18T20:41:17","guid":{"rendered":"https:\/\/business.reobiztheme.com\/?page_id=13441"},"modified":"2025-09-12T00:19:20","modified_gmt":"2025-09-11T21:19:20","slug":"about","status":"publish","type":"page","link":"https:\/\/nxt-marketing.be\/nl\/about\/","title":{"rendered":"Over Ons"},"content":{"rendered":"<div data-elementor-type=\"wp-page\" data-elementor-id=\"13441\" class=\"elementor elementor-13441\" data-elementor-post-type=\"page\">\n\t\t\t\t\t\t<section class=\"elementor-section elementor-top-section elementor-element elementor-element-17d80dc elementor-section-stretched elementor-section-content-middle elementor-section-boxed elementor-section-height-default elementor-section-height-default\" data-id=\"17d80dc\" data-element_type=\"section\" data-settings=\"{&quot;stretch_section&quot;:&quot;section-stretched&quot;}\">\n\t\t\t\t\t\t<div class=\"elementor-container elementor-column-gap-default\">\n\t\t\t\t\t<div class=\"elementor-column elementor-col-50 elementor-top-column elementor-element elementor-element-a382166\" data-id=\"a382166\" data-element_type=\"column\">\n\t\t\t<div class=\"elementor-widget-wrap elementor-element-populated\">\n\t\t\t\t\t\t<div class=\"elementor-element elementor-element-e5d088e elementor-widget elementor-widget-rs-image\" data-id=\"e5d088e\" data-element_type=\"widget\" data-widget_type=\"rs-image.default\">\n\t\t\t\t<div class=\"elementor-widget-container\">\n\t\t\t\t\t\n        <div class=\"rs-image no\">\n                            <img decoding=\"async\" class=\"rs-multi-image lazyload\" data-src=\"http:\/\/agency.reobiztheme.com\/wp-content\/uploads\/2023\/07\/about_left_image.png\" alt=\"image\" src=\"data:image\/svg+xml;base64,PHN2ZyB3aWR0aD0iMSIgaGVpZ2h0PSIxIiB4bWxucz0iaHR0cDovL3d3dy53My5vcmcvMjAwMC9zdmciPjwvc3ZnPg==\" \/>\n                    <\/div>\n  \n    \t\t\t\t<\/div>\n\t\t\t\t<\/div>\n\t\t\t\t<div class=\"elementor-element elementor-element-a7a45af animated-slow elementor-invisible elementor-widget elementor-widget-rs-heading\" data-id=\"a7a45af\" data-element_type=\"widget\" data-settings=\"{&quot;_animation&quot;:&quot;fadeInUp&quot;}\" data-widget_type=\"rs-heading.default\">\n\t\t\t\t<div class=\"elementor-widget-container\">\n\t\t\t\t\t        <div class=\"rs-heading default center\">\r\n        \t<div class=\"title-inner\">\r\n        \t\t      \t\t\r\n\t            <h2 class=\"title\"><span class=\"watermark\"><\/span>5+<\/h2>\t        <\/div>\r\n\t                    \t<div class=\"description\">\r\n            \t\t<p>Jaar Ervaring<\/p>            \t\t\r\n            \t<\/div>\r\n        \t        <\/div>\r\n\r\n        \t\t\t\t<\/div>\n\t\t\t\t<\/div>\n\t\t\t\t\t<\/div>\n\t\t<\/div>\n\t\t\t\t<div class=\"elementor-column elementor-col-50 elementor-top-column elementor-element elementor-element-a1919c5\" data-id=\"a1919c5\" data-element_type=\"column\">\n\t\t\t<div class=\"elementor-widget-wrap elementor-element-populated\">\n\t\t\t\t\t\t<div class=\"elementor-element elementor-element-d0eaf20 elementor-widget elementor-widget-rs-heading\" data-id=\"d0eaf20\" data-element_type=\"widget\" data-widget_type=\"rs-heading.default\">\n\t\t\t\t<div class=\"elementor-widget-container\">\n\t\t\t\t\t        <div class=\"rs-heading style12\">\r\n        \t<div class=\"title-inner\">\r\n        \t\t      \t\t\r\n\t            <span class=\"sub-text title-upper\">~ <span class=\"sub-text title-upper\">Over Ons<\/span> ~ <\/span><h2 class=\"title\"><span class=\"watermark\"><\/span>Over Next Marketing BV<\/h2>\t        <\/div>\r\n\t                <\/div>\r\n\r\n        \t\t\t\t<\/div>\n\t\t\t\t<\/div>\n\t\t\t\t<div class=\"elementor-element elementor-element-88bcd81 elementor-widget elementor-widget-text-editor\" data-id=\"88bcd81\" data-element_type=\"widget\" data-widget_type=\"text-editor.default\">\n\t\t\t\t\t\t\t\t\t<p>Next Marketing  is ontstaan vanuit jarenlange ervaring in de wereld van callcenters, bedrijfsmanagement en ondernemerschap. Vanuit de basis van operationele werkzaamheden tot het leiden van teams en het runnen van eigen bedrijven, is \u00e9\u00e9n uitdaging steeds duidelijk geworden: het vinden van de juiste projecten en het juiste personeel. Vaak waren medewerkers tijdelijk of niet volledig passend, en projecten bleken niet altijd geschikt voor de lange termijn. Deze ervaring heeft ons ertoe gebracht een oplossing te ontwikkelen die w\u00e9l werkt \u2013 voor zowel bedrijven als professionals.<\/p><p>In de afgelopen twee jaar hebben wij, samen met meer dan tien betrouwbare partners, honderden succesvolle matches gerealiseerd. Door zorgvuldig de juiste bedrijven te selecteren en deze te koppelen aan de medewerkers die perfect aansluiten bij hun behoeften, cre\u00ebren wij langdurige en vruchtbare samenwerkingen. Deze aanpak verhoogt de productiviteit, zorgt voor stabiliteit en levert echte waarde op voor alle betrokken partijen.<\/p><p>Next Marketing  gaat verder dan het simpelweg matchen van talent en bedrijven. Wij helpen organisaties groeien en optimaliseren door middel van slimme tools en diensten. Dit omvat onder andere het automatiseren van bedrijfsprocessen, het uitbreiden van de online aanwezigheid via professionele websites, en het versterken van merkbeleving met videoproducties en andere digitale oplossingen. Onze focus ligt op duurzame groei: wij bouwen aan oplossingen die niet alleen vandaag, maar ook morgen resultaat opleveren.<\/p>\t\t\t\t\t\t\t\t<\/div>\n\t\t\t\t<section class=\"elementor-section elementor-inner-section elementor-element elementor-element-b6a44bc elementor-section-boxed elementor-section-height-default elementor-section-height-default\" data-id=\"b6a44bc\" data-element_type=\"section\">\n\t\t\t\t\t\t<div class=\"elementor-container elementor-column-gap-default\">\n\t\t\t\t\t<div class=\"elementor-column elementor-col-100 elementor-inner-column elementor-element elementor-element-16016da\" data-id=\"16016da\" data-element_type=\"column\">\n\t\t\t<div class=\"elementor-widget-wrap elementor-element-populated\">\n\t\t\t\t\t\t<div class=\"elementor-element elementor-element-41748ff animated-slow elementor-invisible elementor-widget elementor-widget-rs-button\" data-id=\"41748ff\" data-element_type=\"widget\" data-settings=\"{&quot;_animation&quot;:&quot;fadeInUp&quot;,&quot;_animation_delay&quot;:600}\" data-widget_type=\"rs-button.default\">\n\t\t\t\t<div class=\"elementor-widget-container\">\n\t\t\t\t\t\t\r\n\t\t\r\n\t\t<div class=\"rs-btn\">\r\n\t\t\t\t\t\t<a class=\"readon rs_button\" href=\"https:\/\/nxt-marketing.be\/nl\/contact\/\" >\t\t\t\t\r\n\t\t\t\t<span class=\"btn_text\">Neem contact met ons op<\/span>\r\n\t\t\t\t\t\t\t<\/a>\r\n\t\t<\/div>    \r\n\t\t\t\t\t<\/div>\n\t\t\t\t<\/div>\n\t\t\t\t\t<\/div>\n\t\t<\/div>\n\t\t\t\t\t<\/div>\n\t\t<\/section>\n\t\t\t\t\t<\/div>\n\t\t<\/div>\n\t\t\t\t\t<\/div>\n\t\t<\/section>\n\t\t\t\t<section class=\"elementor-section elementor-top-section elementor-element elementor-element-3eb6c7a elementor-section-stretched elementor-section-content-middle elementor-section-boxed elementor-section-height-default elementor-section-height-default\" data-id=\"3eb6c7a\" data-element_type=\"section\" data-settings=\"{&quot;stretch_section&quot;:&quot;section-stretched&quot;}\">\n\t\t\t\t\t\t<div class=\"elementor-container elementor-column-gap-default\">\n\t\t\t\t\t<div class=\"elementor-column elementor-col-50 elementor-top-column elementor-element elementor-element-0219567\" data-id=\"0219567\" data-element_type=\"column\">\n\t\t\t<div class=\"elementor-widget-wrap\">\n\t\t\t\t\t\t\t<\/div>\n\t\t<\/div>\n\t\t\t\t<div class=\"elementor-column elementor-col-50 elementor-top-column elementor-element elementor-element-3b75085 elementor-hidden-tablet elementor-hidden-phone\" data-id=\"3b75085\" data-element_type=\"column\">\n\t\t\t<div class=\"elementor-widget-wrap\">\n\t\t\t\t\t\t\t<\/div>\n\t\t<\/div>\n\t\t\t\t\t<\/div>\n\t\t<\/section>\n\t\t\t\t<section class=\"elementor-section elementor-top-section elementor-element elementor-element-e5d0b88 elementor-section-full_width elementor-section-stretched elementor-section-height-default elementor-section-height-default\" data-id=\"e5d0b88\" data-element_type=\"section\" data-settings=\"{&quot;background_background&quot;:&quot;gradient&quot;,&quot;shape_divider_bottom&quot;:&quot;mountains&quot;,&quot;stretch_section&quot;:&quot;section-stretched&quot;}\">\n\t\t\t\t\t<div class=\"elementor-shape elementor-shape-bottom\" aria-hidden=\"true\" data-negative=\"false\">\n\t\t\t<svg xmlns=\"http:\/\/www.w3.org\/2000\/svg\" viewbox=\"0 0 1000 100\" preserveaspectratio=\"none\">\n\t<path class=\"elementor-shape-fill\" opacity=\"0.33\" d=\"M473,67.3c-203.9,88.3-263.1-34-320.3,0C66,119.1,0,59.7,0,59.7V0h1000v59.7 c0,0-62.1,26.1-94.9,29.3c-32.8,3.3-62.8-12.3-75.8-22.1C806,49.6,745.3,8.7,694.9,4.7S492.4,59,473,67.3z\"\/>\n\t<path class=\"elementor-shape-fill\" opacity=\"0.66\" d=\"M734,67.3c-45.5,0-77.2-23.2-129.1-39.1c-28.6-8.7-150.3-10.1-254,39.1 s-91.7-34.4-149.2,0C115.7,118.3,0,39.8,0,39.8V0h1000v36.5c0,0-28.2-18.5-92.1-18.5C810.2,18.1,775.7,67.3,734,67.3z\"\/>\n\t<path class=\"elementor-shape-fill\" d=\"M766.1,28.9c-200-57.5-266,65.5-395.1,19.5C242,1.8,242,5.4,184.8,20.6C128,35.8,132.3,44.9,89.9,52.5C28.6,63.7,0,0,0,0 h1000c0,0-9.9,40.9-83.6,48.1S829.6,47,766.1,28.9z\"\/>\n<\/svg>\t\t<\/div>\n\t\t\t\t\t<div class=\"elementor-container elementor-column-gap-default\">\n\t\t\t\t\t<div class=\"elementor-column elementor-col-100 elementor-top-column elementor-element elementor-element-9892fca\" data-id=\"9892fca\" data-element_type=\"column\">\n\t\t\t<div class=\"elementor-widget-wrap elementor-element-populated\">\n\t\t\t\t\t\t<section class=\"elementor-section elementor-inner-section elementor-element elementor-element-7e49f76 elementor-section-boxed elementor-section-height-default elementor-section-height-default\" data-id=\"7e49f76\" data-element_type=\"section\">\n\t\t\t\t\t\t<div class=\"elementor-container elementor-column-gap-default\">\n\t\t\t\t\t<div class=\"elementor-column elementor-col-25 elementor-inner-column elementor-element elementor-element-b87107b\" data-id=\"b87107b\" data-element_type=\"column\">\n\t\t\t<div class=\"elementor-widget-wrap elementor-element-populated\">\n\t\t\t\t\t\t<div class=\"elementor-element elementor-element-f87b32f elementor-widget elementor-widget-rs-counter\" data-id=\"f87b32f\" data-element_type=\"widget\" data-widget_type=\"rs-counter.default\">\n\t\t\t\t<div class=\"elementor-widget-container\">\n\t\t\t\t\t\t\t<div class=\"counter-top-area style1\">\r\n\t\t    <div class=\"rs-counter-list\">\r\n\t\t    \t\r\n\t\t    \t\t\t    \t\t       \r\n\t\t\t    <div class=\"count-text\">\r\n\t\t\t    \t<div class=\"count-number\">\r\n\t\t\t    \t\t\t\t\t    \t\t\t<span class=\"rs-counter\"> 5<\/span>\r\n\t\t\t    \t\t\t\t\t    \t<\/div>\r\n\r\n\t\t\t    \t\t\t\t    \t\t<span class=\"title\">  Jarenlange ervaring in de sector<\/span>\t\r\n\t\t\t    \t\t\r\n\r\n\t\t\t    <\/div>\r\n\t\t\t<\/div>\r\n\t\t<\/div>\t\t\r\n\t\t\t\t\t<\/div>\n\t\t\t\t<\/div>\n\t\t\t\t\t<\/div>\n\t\t<\/div>\n\t\t\t\t<div class=\"elementor-column elementor-col-25 elementor-inner-column elementor-element elementor-element-21a3fe0\" data-id=\"21a3fe0\" data-element_type=\"column\">\n\t\t\t<div class=\"elementor-widget-wrap elementor-element-populated\">\n\t\t\t\t\t\t<div class=\"elementor-element elementor-element-ad2bd4a elementor-widget elementor-widget-rs-counter\" data-id=\"ad2bd4a\" data-element_type=\"widget\" data-widget_type=\"rs-counter.default\">\n\t\t\t\t<div class=\"elementor-widget-container\">\n\t\t\t\t\t\t\t<div class=\"counter-top-area style1\">\r\n\t\t    <div class=\"rs-counter-list\">\r\n\t\t    \t\r\n\t\t    \t\t\t    \t\t       \r\n\t\t\t    <div class=\"count-text\">\r\n\t\t\t    \t<div class=\"count-number\">\r\n\t\t\t    \t\t\t\t\t    \t\t\t<span class=\"rs-counter\"> 40<\/span>\r\n\t\t\t    \t\t\t\t\t    \t<\/div>\r\n\r\n\t\t\t    \t\t\t\t    \t\t<span class=\"title\">  Succesvol project<\/span>\t\r\n\t\t\t    \t\t\r\n\r\n\t\t\t    <\/div>\r\n\t\t\t<\/div>\r\n\t\t<\/div>\t\t\r\n\t\t\t\t\t<\/div>\n\t\t\t\t<\/div>\n\t\t\t\t\t<\/div>\n\t\t<\/div>\n\t\t\t\t<div class=\"elementor-column elementor-col-25 elementor-inner-column elementor-element elementor-element-8d90367\" data-id=\"8d90367\" data-element_type=\"column\">\n\t\t\t<div class=\"elementor-widget-wrap elementor-element-populated\">\n\t\t\t\t\t\t<div class=\"elementor-element elementor-element-241486c elementor-widget elementor-widget-rs-counter\" data-id=\"241486c\" data-element_type=\"widget\" data-widget_type=\"rs-counter.default\">\n\t\t\t\t<div class=\"elementor-widget-container\">\n\t\t\t\t\t\t\t<div class=\"counter-top-area style1\">\r\n\t\t    <div class=\"rs-counter-list\">\r\n\t\t    \t\r\n\t\t    \t\t\t    \t\t       \r\n\t\t\t    <div class=\"count-text\">\r\n\t\t\t    \t<div class=\"count-number\">\r\n\t\t\t    \t\t\t\t\t    \t\t\t<span class=\"rs-counter\"> 50<\/span>\r\n\t\t\t    \t\t\t\t\t    \t<\/div>\r\n\r\n\t\t\t    \t\t\t\t    \t\t<span class=\"title\">  Zakelijke partner voor bedrijven<\/span>\t\r\n\t\t\t    \t\t\r\n\r\n\t\t\t    <\/div>\r\n\t\t\t<\/div>\r\n\t\t<\/div>\t\t\r\n\t\t\t\t\t<\/div>\n\t\t\t\t<\/div>\n\t\t\t\t\t<\/div>\n\t\t<\/div>\n\t\t\t\t<div class=\"elementor-column elementor-col-25 elementor-inner-column elementor-element elementor-element-cdc56af\" data-id=\"cdc56af\" data-element_type=\"column\">\n\t\t\t<div class=\"elementor-widget-wrap elementor-element-populated\">\n\t\t\t\t\t\t<div class=\"elementor-element elementor-element-855b20b elementor-widget elementor-widget-rs-counter\" data-id=\"855b20b\" data-element_type=\"widget\" data-widget_type=\"rs-counter.default\">\n\t\t\t\t<div class=\"elementor-widget-container\">\n\t\t\t\t\t\t\t<div class=\"counter-top-area style1\">\r\n\t\t    <div class=\"rs-counter-list\">\r\n\t\t    \t\r\n\t\t    \t\t\t    \t\t       \r\n\t\t\t    <div class=\"count-text\">\r\n\t\t\t    \t<div class=\"count-number\">\r\n\t\t\t    \t\t\t\t\t    \t\t\t<span class=\"rs-counter\"> 10<\/span>\r\n\t\t\t    \t\t\t\t\t    \t<\/div>\r\n\r\n\t\t\t    \t\t\t\t    \t\t<span class=\"title\">  Deskundige adviseur<\/span>\t\r\n\t\t\t    \t\t\r\n\r\n\t\t\t    <\/div>\r\n\t\t\t<\/div>\r\n\t\t<\/div>\t\t\r\n\t\t\t\t\t<\/div>\n\t\t\t\t<\/div>\n\t\t\t\t\t<\/div>\n\t\t<\/div>\n\t\t\t\t\t<\/div>\n\t\t<\/section>\n\t\t\t\t\t<\/div>\n\t\t<\/div>\n\t\t\t\t\t<\/div>\n\t\t<\/section>\n\t\t\t\t<section class=\"elementor-section elementor-top-section elementor-element elementor-element-1c1983d8 elementor-section-full_width elementor-section-content-middle elementor-section-height-default elementor-section-height-default\" data-id=\"1c1983d8\" data-element_type=\"section\">\n\t\t\t\t\t\t<div class=\"elementor-container elementor-column-gap-wide\">\n\t\t\t\t\t<div class=\"elementor-column elementor-col-50 elementor-top-column elementor-element elementor-element-e03aa55\" data-id=\"e03aa55\" data-element_type=\"column\">\n\t\t\t<div class=\"elementor-widget-wrap elementor-element-populated\">\n\t\t\t\t\t\t<div class=\"elementor-element elementor-element-27606bf6 elementor-widget__width-initial elementor-widget elementor-widget-rs-heading\" data-id=\"27606bf6\" data-element_type=\"widget\" data-widget_type=\"rs-heading.default\">\n\t\t\t\t<div class=\"elementor-widget-container\">\n\t\t\t\t\t        <div class=\"rs-heading default\">\r\n        \t<div class=\"title-inner\">\r\n        \t\t      \t\t\r\n\t            <h2 class=\"title\"><span class=\"watermark\"><\/span>Onze Missie<\/h2>\t        <\/div>\r\n\t                    \t<div class=\"description\">\r\n            \t\t<p>Het juiste talent verbinden met de juiste bedrijven, ondersteund door slimme technologie en diensten, zodat groei en succes binnen handbereik liggen. Met Next Marketing  hoeft een organisatie zich geen zorgen meer te maken over ineffici\u00ebnties, mismatches of gemiste kansen \u2013 wij zorgen ervoor dat alles soepel, effici\u00ebnt en succesvol verloopt.<\/p>            \t\t\r\n            \t<\/div>\r\n        \t        <\/div>\r\n\r\n        \t\t\t\t<\/div>\n\t\t\t\t<\/div>\n\t\t\t\t<div class=\"elementor-element elementor-element-51aa038b elementor-widget elementor-widget-rsfeatureslist\" data-id=\"51aa038b\" data-element_type=\"widget\" data-widget_type=\"rsfeatureslist.default\">\n\t\t\t\t<div class=\"elementor-widget-container\">\n\t\t\t\t\t \n\n        <div class=\"rs-features-list-content\">        \n\n                                    <ul class=\"rs-features-list\">\n                                                    <li class=\"elementor-repeater-item-7006b61\">\n                                                                    <i class=\"fa fa-check-circle-o\"><\/i>\n                                                                <span class=\"rs-feature-text\">Actieve service-ervaring in de markt<\/span>\n                            <\/li>\n                                                    <li class=\"elementor-repeater-item-6a52651\">\n                                                                    <i class=\"fa fa-check-circle-o\"><\/i>\n                                                                <span class=\"rs-feature-text\">Betrouwbare en duurzame samenwerkingen<\/span>\n                            <\/li>\n                                                    <li class=\"elementor-repeater-item-d5b5c53\">\n                                                                    <i class=\"fa fa-check-circle-o\"><\/i>\n                                                                <span class=\"rs-feature-text\">Succesvolle zakelijke ontmoeting tussen bedrijf en professional<\/span>\n                            <\/li>\n                                                    <li class=\"elementor-repeater-item-aa10752\">\n                                                                    <i class=\"fa fa-check-circle-o\"><\/i>\n                                                                <span class=\"rs-feature-text\">Duurzame groei en productiviteit<\/span>\n                            <\/li>\n                                            <\/ul>\n                            \n        <\/div>\n        \t\t\t\t<\/div>\n\t\t\t\t<\/div>\n\t\t\t\t\t<\/div>\n\t\t<\/div>\n\t\t\t\t<div class=\"elementor-column elementor-col-50 elementor-top-column elementor-element elementor-element-3c9501a2 animated-slow elementor-invisible\" data-id=\"3c9501a2\" data-element_type=\"column\" data-settings=\"{&quot;animation&quot;:&quot;fadeInUp&quot;,&quot;animation_delay&quot;:500}\">\n\t\t\t<div class=\"elementor-widget-wrap elementor-element-populated\">\n\t\t\t\t\t\t<div class=\"elementor-element elementor-element-b8ad755 elementor-widget elementor-widget-image\" data-id=\"b8ad755\" data-element_type=\"widget\" data-widget_type=\"image.default\">\n\t\t\t\t\t\t\t\t\t\t\t\t\t\t\t<img fetchpriority=\"high\" decoding=\"async\" width=\"640\" height=\"640\" src=\"https:\/\/nxt-marketing.be\/wp-content\/uploads\/2020\/05\/9-1.jpg\" class=\"attachment-large size-large wp-image-6068\" alt=\"\" srcset=\"https:\/\/nxt-marketing.be\/wp-content\/uploads\/2020\/05\/9-1.jpg 700w, https:\/\/nxt-marketing.be\/wp-content\/uploads\/2020\/05\/9-1-300x300.jpg 300w, https:\/\/nxt-marketing.be\/wp-content\/uploads\/2020\/05\/9-1-100x100.jpg 100w, https:\/\/nxt-marketing.be\/wp-content\/uploads\/2020\/05\/9-1-600x600.jpg 600w, https:\/\/nxt-marketing.be\/wp-content\/uploads\/2020\/05\/9-1-150x150.jpg 150w, https:\/\/nxt-marketing.be\/wp-content\/uploads\/2020\/05\/9-1-500x500.jpg 500w\" sizes=\"(max-width: 640px) 100vw, 640px\" \/>\t\t\t\t\t\t\t\t\t\t\t\t\t\t\t<\/div>\n\t\t\t\t\t<\/div>\n\t\t<\/div>\n\t\t\t\t\t<\/div>\n\t\t<\/section>\n\t\t\t\t<\/div>","protected":false},"excerpt":{"rendered":"<p>5+ Y\u0131ll\u0131k Deneyim ~ Biz Kimiz ~ Next Marketing BV Hakk\u0131nda Next Marketing , \u00e7a\u011fr\u0131 merkezleri, i\u015fletme y\u00f6netimi ve giri\u015fimcilik alanlar\u0131ndaki y\u0131llara dayanan deneyimlerden do\u011fmu\u015ftur. Operasyonel g\u00f6revlerden ekip y\u00f6netimine ve kendi i\u015fletmelerini y\u00fcr\u00fctmeye kadar ge\u00e7en s\u00fcre\u00e7te, tek bir zorluk s\u00fcrekli olarak kar\u015f\u0131m\u0131za \u00e7\u0131km\u0131\u015ft\u0131r: do\u011fru projeleri ve do\u011fru personeli bulmak. \u00c7o\u011fu zaman \u00e7al\u0131\u015fanlar ge\u00e7ici ya da&#8230;<\/p>","protected":false},"author":1,"featured_media":0,"parent":0,"menu_order":0,"comment_status":"closed","ping_status":"closed","template":"","meta":{"footnotes":""},"class_list":["post-13441","page","type-page","status-publish","hentry"],"_links":{"self":[{"href":"https:\/\/nxt-marketing.be\/nl\/wp-json\/wp\/v2\/pages\/13441","targetHints":{"allow":["GET"]}}],"collection":[{"href":"https:\/\/nxt-marketing.be\/nl\/wp-json\/wp\/v2\/pages"}],"about":[{"href":"https:\/\/nxt-marketing.be\/nl\/wp-json\/wp\/v2\/types\/page"}],"author":[{"embeddable":true,"href":"https:\/\/nxt-marketing.be\/nl\/wp-json\/wp\/v2\/users\/1"}],"replies":[{"embeddable":true,"href":"https:\/\/nxt-marketing.be\/nl\/wp-json\/wp\/v2\/comments?post=13441"}],"version-history":[{"count":17,"href":"https:\/\/nxt-marketing.be\/nl\/wp-json\/wp\/v2\/pages\/13441\/revisions"}],"predecessor-version":[{"id":14439,"href":"https:\/\/nxt-marketing.be\/nl\/wp-json\/wp\/v2\/pages\/13441\/revisions\/14439"}],"wp:attachment":[{"href":"https:\/\/nxt-marketing.be\/nl\/wp-json\/wp\/v2\/media?parent=13441"}],"curies":[{"name":"wp","href":"https:\/\/api.w.org\/{rel}","templated":true}]}}